{"id":113,"date":"2021-09-19T18:41:16","date_gmt":"2021-09-19T18:41:16","guid":{"rendered":"https:\/\/virtkar.fi.minunpankki.fi\/?page_id=113"},"modified":"2021-09-21T13:50:06","modified_gmt":"2021-09-21T13:50:06","slug":"viestit-ja-kertomukset","status":"publish","type":"page","link":"https:\/\/virtkar.fi.minunpankki.fi\/?page_id=113","title":{"rendered":"Viestit ja kertomukset"},"content":{"rendered":"\n<div class=\"wp-block-group\"><div class=\"wp-block-group__inner-container is-layout-flow wp-block-group-is-layout-flow\">\n<p>Viestien vastaanottaja &#8211; sivujen tekij\u00e4\/yll\u00e4pit\u00e4j\u00e4 V\u00e4in\u00f6 H\u00e4rk\u00f6nen <\/p>\n\n\n\n<p><\/p>\n\n\n\n<p><\/p>\n<\/div><\/div>\n\n\n\n<div class=\"wp-block-contact-form-7-contact-form-selector\">[contact-form-7 id=&#8221;48&#8243; title=&#8221;Yhteydenottolomake 1&#8243;]<\/div>\n\n\n\n<p><\/p>\n","protected":false},"excerpt":{"rendered":"<p>Viestien vastaanottaja &#8211; sivujen tekij\u00e4\/yll\u00e4pit\u00e4j\u00e4 V\u00e4in\u00f6 H\u00e4rk\u00f6nen<\/p>\n","protected":false},"author":1,"featured_media":0,"parent":0,"menu_order":0,"comment_status":"closed","ping_status":"closed","template":"","meta":{"footnotes":""},"class_list":["post-113","page","type-page","status-publish","hentry"],"_links":{"self":[{"href":"https:\/\/virtkar.fi.minunpankki.fi\/index.php?rest_route=\/wp\/v2\/pages\/113","targetHints":{"allow":["GET"]}}],"collection":[{"href":"https:\/\/virtkar.fi.minunpankki.fi\/index.php?rest_route=\/wp\/v2\/pages"}],"about":[{"href":"https:\/\/virtkar.fi.minunpankki.fi\/index.php?rest_route=\/wp\/v2\/types\/page"}],"author":[{"embeddable":true,"href":"https:\/\/virtkar.fi.minunpankki.fi\/index.php?rest_route=\/wp\/v2\/users\/1"}],"replies":[{"embeddable":true,"href":"https:\/\/virtkar.fi.minunpankki.fi\/index.php?rest_route=%2Fwp%2Fv2%2Fcomments&post=113"}],"version-history":[{"count":3,"href":"https:\/\/virtkar.fi.minunpankki.fi\/index.php?rest_route=\/wp\/v2\/pages\/113\/revisions"}],"predecessor-version":[{"id":147,"href":"https:\/\/virtkar.fi.minunpankki.fi\/index.php?rest_route=\/wp\/v2\/pages\/113\/revisions\/147"}],"wp:attachment":[{"href":"https:\/\/virtkar.fi.minunpankki.fi\/index.php?rest_route=%2Fwp%2Fv2%2Fmedia&parent=113"}],"curies":[{"name":"wp","href":"https:\/\/api.w.org\/{rel}","templated":true}]}}