{"id":262,"date":"2021-09-26T17:29:54","date_gmt":"2021-09-26T17:29:54","guid":{"rendered":"https:\/\/virtkar.fi.minunpankki.fi\/?page_id=262"},"modified":"2021-09-26T17:38:13","modified_gmt":"2021-09-26T17:38:13","slug":"muistomerkkeja","status":"publish","type":"page","link":"https:\/\/virtkar.fi.minunpankki.fi\/?page_id=262","title":{"rendered":"Muistomerkkej\u00e4"},"content":{"rendered":"<h4>Muistomerkkej\u00e4 Virtain Kirkon l\u00e4hist\u00f6ss\u00e4, sek\u00e4 Killinkosken tiell\u00e4<\/h4>\n<p><img loading=\"lazy\" decoding=\"async\" class=\"alignnone  wp-image-267\" src=\"https:\/\/virtkar.fi.minunpankki.fi\/wp-content\/uploads\/2021\/09\/Muistomerkki-Karjalaan-jaaneet-300x290.jpg\" alt=\"\" width=\"497\" height=\"480\" srcset=\"https:\/\/virtkar.fi.minunpankki.fi\/wp-content\/uploads\/2021\/09\/Muistomerkki-Karjalaan-jaaneet-300x290.jpg 300w, https:\/\/virtkar.fi.minunpankki.fi\/wp-content\/uploads\/2021\/09\/Muistomerkki-Karjalaan-jaaneet.jpg 640w\" sizes=\"auto, (max-width: 497px) 100vw, 497px\" \/><\/p>\n<p>&nbsp;<\/p>\n<p><img loading=\"lazy\" decoding=\"async\" class=\" wp-image-268 alignleft\" src=\"https:\/\/virtkar.fi.minunpankki.fi\/wp-content\/uploads\/2021\/09\/Muistomerkki-Pro-Patria-300x81.jpg\" alt=\"\" width=\"496\" height=\"134\" srcset=\"https:\/\/virtkar.fi.minunpankki.fi\/wp-content\/uploads\/2021\/09\/Muistomerkki-Pro-Patria-300x81.jpg 300w, https:\/\/virtkar.fi.minunpankki.fi\/wp-content\/uploads\/2021\/09\/Muistomerkki-Pro-Patria-1024x276.jpg 1024w, https:\/\/virtkar.fi.minunpankki.fi\/wp-content\/uploads\/2021\/09\/Muistomerkki-Pro-Patria-768x207.jpg 768w, https:\/\/virtkar.fi.minunpankki.fi\/wp-content\/uploads\/2021\/09\/Muistomerkki-Pro-Patria.jpg 1536w\" sizes=\"auto, (max-width: 496px) 100vw, 496px\" \/><\/p>\n<p>&nbsp;<\/p>\n<p>&nbsp;<\/p>\n<p>&nbsp;<\/p>\n<p>&nbsp;<\/p>\n<p><img loading=\"lazy\" decoding=\"async\" class=\"alignnone  wp-image-269\" src=\"https:\/\/virtkar.fi.minunpankki.fi\/wp-content\/uploads\/2021\/09\/Muistomerkki-Veljet-vesitilkka-300x98.jpg\" alt=\"\" width=\"502\" height=\"164\" srcset=\"https:\/\/virtkar.fi.minunpankki.fi\/wp-content\/uploads\/2021\/09\/Muistomerkki-Veljet-vesitilkka-300x98.jpg 300w, https:\/\/virtkar.fi.minunpankki.fi\/wp-content\/uploads\/2021\/09\/Muistomerkki-Veljet-vesitilkka-1024x335.jpg 1024w, https:\/\/virtkar.fi.minunpankki.fi\/wp-content\/uploads\/2021\/09\/Muistomerkki-Veljet-vesitilkka-768x251.jpg 768w, https:\/\/virtkar.fi.minunpankki.fi\/wp-content\/uploads\/2021\/09\/Muistomerkki-Veljet-vesitilkka.jpg 1527w\" sizes=\"auto, (max-width: 502px) 100vw, 502px\" \/><\/p>\n<p>&nbsp;<\/p>\n","protected":false},"excerpt":{"rendered":"<p>Muistomerkkej\u00e4 Virtain Kirkon l\u00e4hist\u00f6ss\u00e4, sek\u00e4 Killinkosken tiell\u00e4 &nbsp; &nbsp; &nbsp; &nbsp; &nbsp; &nbsp;<\/p>\n","protected":false},"author":1,"featured_media":0,"parent":0,"menu_order":0,"comment_status":"closed","ping_status":"closed","template":"","meta":{"footnotes":""},"class_list":["post-262","page","type-page","status-publish","hentry"],"_links":{"self":[{"href":"https:\/\/virtkar.fi.minunpankki.fi\/index.php?rest_route=\/wp\/v2\/pages\/262","targetHints":{"allow":["GET"]}}],"collection":[{"href":"https:\/\/virtkar.fi.minunpankki.fi\/index.php?rest_route=\/wp\/v2\/pages"}],"about":[{"href":"https:\/\/virtkar.fi.minunpankki.fi\/index.php?rest_route=\/wp\/v2\/types\/page"}],"author":[{"embeddable":true,"href":"https:\/\/virtkar.fi.minunpankki.fi\/index.php?rest_route=\/wp\/v2\/users\/1"}],"replies":[{"embeddable":true,"href":"https:\/\/virtkar.fi.minunpankki.fi\/index.php?rest_route=%2Fwp%2Fv2%2Fcomments&post=262"}],"version-history":[{"count":2,"href":"https:\/\/virtkar.fi.minunpankki.fi\/index.php?rest_route=\/wp\/v2\/pages\/262\/revisions"}],"predecessor-version":[{"id":270,"href":"https:\/\/virtkar.fi.minunpankki.fi\/index.php?rest_route=\/wp\/v2\/pages\/262\/revisions\/270"}],"wp:attachment":[{"href":"https:\/\/virtkar.fi.minunpankki.fi\/index.php?rest_route=%2Fwp%2Fv2%2Fmedia&parent=262"}],"curies":[{"name":"wp","href":"https:\/\/api.w.org\/{rel}","templated":true}]}}