{"id":345,"date":"2021-10-10T16:37:39","date_gmt":"2021-10-10T16:37:39","guid":{"rendered":"https:\/\/virtkar.fi.minunpankki.fi\/?page_id=345"},"modified":"2021-10-13T19:54:20","modified_gmt":"2021-10-13T19:54:20","slug":"kuvakalleria","status":"publish","type":"page","link":"https:\/\/virtkar.fi.minunpankki.fi\/?page_id=345","title":{"rendered":"Kuvakalleria"},"content":{"rendered":"<p>T\u00e4nne tallennetaan kuvia <strong>Virroille tulleiden perheiden<\/strong> &#8211; rajan taakse j\u00e4\u00e4neist\u00e4 kunnista ja heid\u00e4n kotipaikoistaan.\u00a0 Kun haluat t\u00e4nne kuvia, niin laita viesti tuosta viestit valikosta.\u00a0 Vastaan siihen, miten etenemme.\u00a0 Kuvien sivuille p\u00e4\u00e4set\u00a0 &#8221;klikkaamalla&#8221;\u00a0 &#8211; Kuvakalleria,\u00a0 vieress\u00e4 olevaa pient\u00e4 nuolta ja siit\u00e4 Kunnan valikkoon !<\/p>\n","protected":false},"excerpt":{"rendered":"<p>T\u00e4nne tallennetaan kuvia Virroille tulleiden perheiden &#8211; rajan taakse j\u00e4\u00e4neist\u00e4 kunnista ja heid\u00e4n kotipaikoistaan.\u00a0 Kun haluat t\u00e4nne kuvia, niin laita viesti tuosta viestit valikosta.\u00a0 Vastaan siihen,&#46;&#46;&#46;<\/p>\n","protected":false},"author":1,"featured_media":0,"parent":0,"menu_order":0,"comment_status":"closed","ping_status":"closed","template":"","meta":{"footnotes":""},"class_list":["post-345","page","type-page","status-publish","hentry"],"_links":{"self":[{"href":"https:\/\/virtkar.fi.minunpankki.fi\/index.php?rest_route=\/wp\/v2\/pages\/345","targetHints":{"allow":["GET"]}}],"collection":[{"href":"https:\/\/virtkar.fi.minunpankki.fi\/index.php?rest_route=\/wp\/v2\/pages"}],"about":[{"href":"https:\/\/virtkar.fi.minunpankki.fi\/index.php?rest_route=\/wp\/v2\/types\/page"}],"author":[{"embeddable":true,"href":"https:\/\/virtkar.fi.minunpankki.fi\/index.php?rest_route=\/wp\/v2\/users\/1"}],"replies":[{"embeddable":true,"href":"https:\/\/virtkar.fi.minunpankki.fi\/index.php?rest_route=%2Fwp%2Fv2%2Fcomments&post=345"}],"version-history":[{"count":7,"href":"https:\/\/virtkar.fi.minunpankki.fi\/index.php?rest_route=\/wp\/v2\/pages\/345\/revisions"}],"predecessor-version":[{"id":412,"href":"https:\/\/virtkar.fi.minunpankki.fi\/index.php?rest_route=\/wp\/v2\/pages\/345\/revisions\/412"}],"wp:attachment":[{"href":"https:\/\/virtkar.fi.minunpankki.fi\/index.php?rest_route=%2Fwp%2Fv2%2Fmedia&parent=345"}],"curies":[{"name":"wp","href":"https:\/\/api.w.org\/{rel}","templated":true}]}}