{"id":393,"date":"2021-10-13T09:39:22","date_gmt":"2021-10-13T09:39:22","guid":{"rendered":"https:\/\/virtkar.fi.minunpankki.fi\/?page_id=393"},"modified":"2021-10-13T09:43:13","modified_gmt":"2021-10-13T09:43:13","slug":"lumivaaran-kuvia","status":"publish","type":"page","link":"https:\/\/virtkar.fi.minunpankki.fi\/?page_id=393","title":{"rendered":"Lumivaaran kuvia"},"content":{"rendered":"<p>T\u00e4h\u00e4n on tarkoitus laittaa Lumivaarasta tulleiden kuvia, heid\u00e4n kotiseudusta ja perheest\u00e4.<\/p>\n","protected":false},"excerpt":{"rendered":"<p>T\u00e4h\u00e4n on tarkoitus laittaa Lumivaarasta tulleiden kuvia, heid\u00e4n kotiseudusta ja perheest\u00e4.<\/p>\n","protected":false},"author":1,"featured_media":0,"parent":0,"menu_order":0,"comment_status":"closed","ping_status":"closed","template":"","meta":{"footnotes":""},"class_list":["post-393","page","type-page","status-publish","hentry"],"_links":{"self":[{"href":"https:\/\/virtkar.fi.minunpankki.fi\/index.php?rest_route=\/wp\/v2\/pages\/393","targetHints":{"allow":["GET"]}}],"collection":[{"href":"https:\/\/virtkar.fi.minunpankki.fi\/index.php?rest_route=\/wp\/v2\/pages"}],"about":[{"href":"https:\/\/virtkar.fi.minunpankki.fi\/index.php?rest_route=\/wp\/v2\/types\/page"}],"author":[{"embeddable":true,"href":"https:\/\/virtkar.fi.minunpankki.fi\/index.php?rest_route=\/wp\/v2\/users\/1"}],"replies":[{"embeddable":true,"href":"https:\/\/virtkar.fi.minunpankki.fi\/index.php?rest_route=%2Fwp%2Fv2%2Fcomments&post=393"}],"version-history":[{"count":3,"href":"https:\/\/virtkar.fi.minunpankki.fi\/index.php?rest_route=\/wp\/v2\/pages\/393\/revisions"}],"predecessor-version":[{"id":405,"href":"https:\/\/virtkar.fi.minunpankki.fi\/index.php?rest_route=\/wp\/v2\/pages\/393\/revisions\/405"}],"wp:attachment":[{"href":"https:\/\/virtkar.fi.minunpankki.fi\/index.php?rest_route=%2Fwp%2Fv2%2Fmedia&parent=393"}],"curies":[{"name":"wp","href":"https:\/\/api.w.org\/{rel}","templated":true}]}}