{"id":87,"date":"2021-09-18T07:11:15","date_gmt":"2021-09-18T07:11:15","guid":{"rendered":"https:\/\/virtkar.fi.minunpankki.fi\/?page_id=87"},"modified":"2021-09-21T13:42:47","modified_gmt":"2021-09-21T13:42:47","slug":"virroille-asutettuja","status":"publish","type":"page","link":"https:\/\/virtkar.fi.minunpankki.fi\/?page_id=87","title":{"rendered":"Virroille asutettuja"},"content":{"rendered":"\n<p>T\u00e4ll\u00e4 sivulla n\u00e4ht\u00e4v\u00e4n\u00e4 Virroille muuttaneiden Karjalaisperheiden kuvia ja kertomuksia.  Sivujen l\u00e4hteen\u00e4 Siirtokarjalaisten tie -kirjasarja ja sielt\u00e4 Virtain kunnan sivut (Osa 1, 1970).   Perheit\u00e4 on t\u00e4nne muuttanut my\u00f6s kirjan painamisen j\u00e4lkeen, jolloin kaikkia tietoja ei sivuilla n\u00e4y.<\/p>\n\n\n\n<p class=\"has-text-align-center has-vivid-red-color has-text-color has-medium-font-size\"><strong>&#8221;klikkaamalla&#8221; kuvaa,<\/strong> <strong>siirryt Virroille muuttaneiden sivuille<\/strong><\/p>\n\n\n\n<div class=\"wp-block-image is-style-rounded\"><figure class=\"aligncenter\"><a href=\"https:\/\/virtkar.fi.minunpankki.fi\/wp-content\/uploads\/2021\/09\/Virtain-Siirtokarjalaisia-1-2.pdf\"><img loading=\"lazy\" decoding=\"async\" width=\"480\" height=\"640\" src=\"https:\/\/virtkar.fi.minunpankki.fi\/wp-content\/uploads\/2021\/09\/Honkola-Harkonen.jpg\" alt=\"\" class=\"wp-image-134\" srcset=\"https:\/\/virtkar.fi.minunpankki.fi\/wp-content\/uploads\/2021\/09\/Honkola-Harkonen.jpg 480w, https:\/\/virtkar.fi.minunpankki.fi\/wp-content\/uploads\/2021\/09\/Honkola-Harkonen-225x300.jpg 225w\" sizes=\"auto, (max-width: 480px) 100vw, 480px\" \/><\/a><\/figure><\/div>\n\n\n\n<p><\/p>\n\n\n\n<p><\/p>\n","protected":false},"excerpt":{"rendered":"<p>T\u00e4ll\u00e4 sivulla n\u00e4ht\u00e4v\u00e4n\u00e4 Virroille muuttaneiden Karjalaisperheiden kuvia ja kertomuksia. Sivujen l\u00e4hteen\u00e4 Siirtokarjalaisten tie -kirjasarja ja sielt\u00e4 Virtain kunnan sivut (Osa 1, 1970). Perheit\u00e4 on t\u00e4nne muuttanut&#46;&#46;&#46;<\/p>\n","protected":false},"author":1,"featured_media":0,"parent":0,"menu_order":0,"comment_status":"closed","ping_status":"closed","template":"","meta":{"footnotes":""},"class_list":["post-87","page","type-page","status-publish","hentry"],"_links":{"self":[{"href":"https:\/\/virtkar.fi.minunpankki.fi\/index.php?rest_route=\/wp\/v2\/pages\/87","targetHints":{"allow":["GET"]}}],"collection":[{"href":"https:\/\/virtkar.fi.minunpankki.fi\/index.php?rest_route=\/wp\/v2\/pages"}],"about":[{"href":"https:\/\/virtkar.fi.minunpankki.fi\/index.php?rest_route=\/wp\/v2\/types\/page"}],"author":[{"embeddable":true,"href":"https:\/\/virtkar.fi.minunpankki.fi\/index.php?rest_route=\/wp\/v2\/users\/1"}],"replies":[{"embeddable":true,"href":"https:\/\/virtkar.fi.minunpankki.fi\/index.php?rest_route=%2Fwp%2Fv2%2Fcomments&post=87"}],"version-history":[{"count":8,"href":"https:\/\/virtkar.fi.minunpankki.fi\/index.php?rest_route=\/wp\/v2\/pages\/87\/revisions"}],"predecessor-version":[{"id":146,"href":"https:\/\/virtkar.fi.minunpankki.fi\/index.php?rest_route=\/wp\/v2\/pages\/87\/revisions\/146"}],"wp:attachment":[{"href":"https:\/\/virtkar.fi.minunpankki.fi\/index.php?rest_route=%2Fwp%2Fv2%2Fmedia&parent=87"}],"curies":[{"name":"wp","href":"https:\/\/api.w.org\/{rel}","templated":true}]}}